{"id":3653,"date":"2025-10-01T17:11:55","date_gmt":"2025-10-01T15:11:55","guid":{"rendered":"http:\/\/192.168.1.121\/tidore\/team\/"},"modified":"2025-11-24T12:59:40","modified_gmt":"2025-11-24T11:59:40","slug":"team","status":"publish","type":"page","link":"https:\/\/tidoreacademy.com\/en\/team\/","title":{"rendered":"Team"},"content":{"rendered":"\t\t<div data-elementor-type=\"wp-page\" data-elementor-id=\"3653\" class=\"elementor elementor-3653 elementor-67\" data-elementor-post-type=\"page\">\n\t\t\t\t<div class=\"elementor-element elementor-element-8c23b96 e-con-full e-flex e-con e-parent\" data-id=\"8c23b96\" data-element_type=\"container\" data-e-type=\"container\" data-settings=\"{&quot;background_background&quot;:&quot;classic&quot;}\">\n\t\t<div class=\"elementor-element elementor-element-1376a6a e-con-full e-flex e-con e-child\" data-id=\"1376a6a\" data-element_type=\"container\" data-e-type=\"container\">\n\t\t\t\t<div class=\"elementor-element elementor-element-0181988 elementor-widget elementor-widget-heading\" data-id=\"0181988\" data-element_type=\"widget\" data-e-type=\"widget\" data-widget_type=\"heading.default\">\n\t\t\t\t\t<h1 class=\"elementor-heading-title elementor-size-default\">The heart of the studio, our team<\/h1>\t\t\t\t<\/div>\n\t\t\t\t<div class=\"elementor-element elementor-element-1533a85 elementor-widget-divider--view-line elementor-widget elementor-widget-divider\" data-id=\"1533a85\" data-element_type=\"widget\" data-e-type=\"widget\" data-widget_type=\"divider.default\">\n\t\t\t\t\t\t\t<div class=\"elementor-divider\">\n\t\t\t<span class=\"elementor-divider-separator\">\n\t\t\t\t\t\t<\/span>\n\t\t<\/div>\n\t\t\t\t\t\t<\/div>\n\t\t\t\t<div class=\"elementor-element elementor-element-ff8c057 elementor-widget elementor-widget-text-editor\" data-id=\"ff8c057\" data-element_type=\"widget\" data-e-type=\"widget\" data-widget_type=\"text-editor.default\">\n\t\t\t\t\t\t\t\t\tInstructors with different backgrounds<br> and a shared philosophy\n<strong><brCada sesi\u00f3n es \u00fanica porque cada persona tambi\u00e9n lo es\/strong>\t\t\t\t\t\t\t\t<\/div>\n\t\t\t\t<\/div>\n\t\t\t\t<\/div>\n\t\t<div class=\"elementor-element elementor-element-e99d70a e-flex e-con-boxed e-con e-parent\" data-id=\"e99d70a\" data-element_type=\"container\" data-e-type=\"container\">\n\t\t\t\t\t<div class=\"e-con-inner\">\n\t\t<div class=\"elementor-element elementor-element-c927d22 e-grid e-con-full e-con e-child\" data-id=\"c927d22\" data-element_type=\"container\" data-e-type=\"container\">\n\t\t<div class=\"elementor-element elementor-element-45e420a e-con-full e-flex e-con e-child\" data-id=\"45e420a\" data-element_type=\"container\" data-e-type=\"container\">\n\t\t\t\t<div class=\"elementor-element elementor-element-8065f2f elementor-widget elementor-widget-image\" data-id=\"8065f2f\" data-element_type=\"widget\" data-e-type=\"widget\" data-widget_type=\"image.default\">\n\t\t\t\t\t\t\t\t\t\t\t\t\t\t\t<img fetchpriority=\"high\" decoding=\"async\" width=\"800\" height=\"530\" src=\"https:\/\/tidoreacademy.com\/wp-content\/uploads\/2025\/10\/Esther.webp\" class=\"attachment-large size-large wp-image-3638\" alt=\"Esther Fern\u00e1ndez\" srcset=\"https:\/\/tidoreacademy.com\/wp-content\/uploads\/2025\/10\/Esther.webp 912w, https:\/\/tidoreacademy.com\/wp-content\/uploads\/2025\/10\/Esther-300x199.webp 300w, https:\/\/tidoreacademy.com\/wp-content\/uploads\/2025\/10\/Esther-768x509.webp 768w\" sizes=\"(max-width: 800px) 100vw, 800px\" \/>\t\t\t\t\t\t\t\t\t\t\t\t\t\t\t<\/div>\n\t\t\t\t<div class=\"elementor-element elementor-element-02d1a3d elementor-widget elementor-widget-text-editor\" data-id=\"02d1a3d\" data-element_type=\"widget\" data-e-type=\"widget\" data-widget_type=\"text-editor.default\">\n\t\t\t\t\t\t\t\t\t<a style=\"color: inherit !important; text-decoration: none !important; font-weight: inherit !important; font-family: inherit !important; font-size: inherit !important;\" href=\"https:\/\/tidoreacademy.com\/en\/esther-fernandez\/\">Esther Fern\u00e1ndez<\/a>\n\n<style>\na[href=\"https:\/\/tidoreacademy.com\/lorenacoutino\/\"]:hover {<br\/>    color: inherit !important;<br\/>    text-decoration: none !important;<br\/>}<br\/><\/style>\t\t\t\t\t\t\t\t<\/div>\n\t\t\t\t<\/div>\n\t\t<div class=\"elementor-element elementor-element-bda7a72 e-con-full e-flex e-con e-child\" data-id=\"bda7a72\" data-element_type=\"container\" data-e-type=\"container\">\n\t\t\t\t<div class=\"elementor-element elementor-element-e65dcf5 elementor-widget elementor-widget-image\" data-id=\"e65dcf5\" data-element_type=\"widget\" data-e-type=\"widget\" data-widget_type=\"image.default\">\n\t\t\t\t\t\t\t\t\t\t\t\t\t\t\t<img decoding=\"async\" width=\"620\" height=\"414\" src=\"https:\/\/tidoreacademy.com\/wp-content\/uploads\/2025\/10\/cotino3.webp\" class=\"attachment-large size-large wp-image-3646\" alt=\"Lorena Coti\u00f1o\" srcset=\"https:\/\/tidoreacademy.com\/wp-content\/uploads\/2025\/10\/cotino3.webp 620w, https:\/\/tidoreacademy.com\/wp-content\/uploads\/2025\/10\/cotino3-300x200.webp 300w\" sizes=\"(max-width: 620px) 100vw, 620px\" \/>\t\t\t\t\t\t\t\t\t\t\t\t\t\t\t<\/div>\n\t\t\t\t<div class=\"elementor-element elementor-element-46f33fc elementor-widget elementor-widget-text-editor\" data-id=\"46f33fc\" data-element_type=\"widget\" data-e-type=\"widget\" data-widget_type=\"text-editor.default\">\n\t\t\t\t\t\t\t\t\t<a style=\"color: inherit !important; text-decoration: none !important; font-weight: inherit !important; font-family: inherit !important; font-size: inherit !important;\" href=\"https:\/\/tidoreacademy.com\/en\/lorenacoutino\/\">Lorena Couti\u00f1o<\/a>\n\n<style>\na[href=\"https:\/\/tidoreacademy.com\/lorenacoutino\/\"]:hover {<br\/>    color: inherit !important;<br\/>    text-decoration: none !important;<br\/>}<br\/><\/style>\t\t\t\t\t\t\t\t<\/div>\n\t\t\t\t<\/div>\n\t\t<div class=\"elementor-element elementor-element-036e7fd e-con-full e-flex e-con e-child\" data-id=\"036e7fd\" data-element_type=\"container\" data-e-type=\"container\">\n\t\t\t\t<div class=\"elementor-element elementor-element-53b4415 elementor-widget elementor-widget-image\" data-id=\"53b4415\" data-element_type=\"widget\" data-e-type=\"widget\" data-widget_type=\"image.default\">\n\t\t\t\t\t\t\t\t\t\t\t\t\t\t\t<img decoding=\"async\" width=\"800\" height=\"530\" src=\"https:\/\/tidoreacademy.com\/wp-content\/uploads\/2025\/11\/carolina-najar.jpg\" class=\"attachment-large size-large wp-image-3647\" alt=\"Carolina Najar\" srcset=\"https:\/\/tidoreacademy.com\/wp-content\/uploads\/2025\/11\/carolina-najar.jpg 912w, https:\/\/tidoreacademy.com\/wp-content\/uploads\/2025\/11\/carolina-najar-300x199.jpg 300w, https:\/\/tidoreacademy.com\/wp-content\/uploads\/2025\/11\/carolina-najar-768x509.jpg 768w\" sizes=\"(max-width: 800px) 100vw, 800px\" \/>\t\t\t\t\t\t\t\t\t\t\t\t\t\t\t<\/div>\n\t\t\t\t<div class=\"elementor-element elementor-element-72ddca4 elementor-widget elementor-widget-text-editor\" data-id=\"72ddca4\" data-element_type=\"widget\" data-e-type=\"widget\" data-widget_type=\"text-editor.default\">\n\t\t\t\t\t\t\t\t\t<a style=\"color: inherit !important; text-decoration: none !important; font-weight: inherit !important; font-family: inherit !important; font-size: inherit !important;\" href=\"https:\/\/tidoreacademy.com\/carolina-najar\/\">Carolina Najar<\/a>\n\n<style>\na[href=\"https:\/\/tidoreacademy.com\/carolina-najar\/\"]:hover {<br\/>    color: inherit !important;<br\/>    text-decoration: none !important;<br\/>}<br\/><\/style>\t\t\t\t\t\t\t\t<\/div>\n\t\t\t\t<\/div>\n\t\t<div class=\"elementor-element elementor-element-123cb5b e-con-full e-flex e-con e-child\" data-id=\"123cb5b\" data-element_type=\"container\" data-e-type=\"container\">\n\t\t\t\t<div class=\"elementor-element elementor-element-ebcea27 elementor-widget elementor-widget-image\" data-id=\"ebcea27\" data-element_type=\"widget\" data-e-type=\"widget\" data-widget_type=\"image.default\">\n\t\t\t\t\t\t\t\t\t\t\t\t\t\t\t<img loading=\"lazy\" decoding=\"async\" width=\"620\" height=\"414\" src=\"https:\/\/tidoreacademy.com\/wp-content\/uploads\/2025\/10\/rocio-Bosch.webp\" class=\"attachment-large size-large wp-image-3648\" alt=\"Rocio Bosch\" srcset=\"https:\/\/tidoreacademy.com\/wp-content\/uploads\/2025\/10\/rocio-Bosch.webp 620w, https:\/\/tidoreacademy.com\/wp-content\/uploads\/2025\/10\/rocio-Bosch-300x200.webp 300w\" sizes=\"(max-width: 620px) 100vw, 620px\" \/>\t\t\t\t\t\t\t\t\t\t\t\t\t\t\t<\/div>\n\t\t\t\t<div class=\"elementor-element elementor-element-dc50c24 elementor-widget elementor-widget-text-editor\" data-id=\"dc50c24\" data-element_type=\"widget\" data-e-type=\"widget\" data-widget_type=\"text-editor.default\">\n\t\t\t\t\t\t\t\t\t<a style=\"color: inherit !important; text-decoration: none !important; font-weight: inherit !important; font-family: inherit !important; font-size: inherit !important;\" href=\"https:\/\/tidoreacademy.com\/en\/lucia-bosch\/\">Luc\u00eda Bosch<\/a>\n\n<style>\na[href=\"https:\/\/tidoreacademy.com\/lorenacoutino\/\"]:hover {<br\/>    color: inherit !important;<br\/>    text-decoration: none !important;<br\/>}<br\/><\/style>\t\t\t\t\t\t\t\t<\/div>\n\t\t\t\t<\/div>\n\t\t<div class=\"elementor-element elementor-element-ae0a280 e-con-full e-flex e-con e-child\" data-id=\"ae0a280\" data-element_type=\"container\" data-e-type=\"container\">\n\t\t\t\t<div class=\"elementor-element elementor-element-ba81538 elementor-widget elementor-widget-image\" data-id=\"ba81538\" data-element_type=\"widget\" data-e-type=\"widget\" data-widget_type=\"image.default\">\n\t\t\t\t\t\t\t\t\t\t\t\t\t\t\t<img loading=\"lazy\" decoding=\"async\" width=\"620\" height=\"414\" src=\"https:\/\/tidoreacademy.com\/wp-content\/uploads\/2025\/10\/Laia.webp\" class=\"attachment-large size-large wp-image-3606\" alt=\"Laia Villegas\" srcset=\"https:\/\/tidoreacademy.com\/wp-content\/uploads\/2025\/10\/Laia.webp 620w, https:\/\/tidoreacademy.com\/wp-content\/uploads\/2025\/10\/Laia-300x200.webp 300w\" sizes=\"(max-width: 620px) 100vw, 620px\" \/>\t\t\t\t\t\t\t\t\t\t\t\t\t\t\t<\/div>\n\t\t\t\t<div class=\"elementor-element elementor-element-2feece7 elementor-widget elementor-widget-text-editor\" data-id=\"2feece7\" data-element_type=\"widget\" data-e-type=\"widget\" data-widget_type=\"text-editor.default\">\n\t\t\t\t\t\t\t\t\t<a style=\"color: inherit !important; text-decoration: none !important; font-weight: inherit !important; font-family: inherit !important; font-size: inherit !important;\" href=\"https:\/\/tidoreacademy.com\/en\/laia-villegas\/\">Laia Villegas<\/a>\n\n<style>\na[href=\"https:\/\/tidoreacademy.com\/lorenacoutino\/\"]:hover {<br\/>    color: inherit !important;<br\/>    text-decoration: none !important;<br\/>}<br\/><\/style>\t\t\t\t\t\t\t\t<\/div>\n\t\t\t\t<\/div>\n\t\t<div class=\"elementor-element elementor-element-30c32b6 e-con-full e-flex e-con e-child\" data-id=\"30c32b6\" data-element_type=\"container\" data-e-type=\"container\">\n\t\t\t\t<div class=\"elementor-element elementor-element-c701e4b elementor-widget elementor-widget-image\" data-id=\"c701e4b\" data-element_type=\"widget\" data-e-type=\"widget\" data-widget_type=\"image.default\">\n\t\t\t\t\t\t\t\t\t\t\t\t\t\t\t<img loading=\"lazy\" decoding=\"async\" width=\"620\" height=\"414\" src=\"https:\/\/tidoreacademy.com\/wp-content\/uploads\/2025\/10\/Dr.-Chandrasekaran.webp\" class=\"attachment-large size-large wp-image-3649\" alt=\"Dr. Chandrasekaran\" srcset=\"https:\/\/tidoreacademy.com\/wp-content\/uploads\/2025\/10\/Dr.-Chandrasekaran.webp 620w, https:\/\/tidoreacademy.com\/wp-content\/uploads\/2025\/10\/Dr.-Chandrasekaran-300x200.webp 300w\" sizes=\"(max-width: 620px) 100vw, 620px\" \/>\t\t\t\t\t\t\t\t\t\t\t\t\t\t\t<\/div>\n\t\t\t\t<div class=\"elementor-element elementor-element-2a502db elementor-widget elementor-widget-text-editor\" data-id=\"2a502db\" data-element_type=\"widget\" data-e-type=\"widget\" data-widget_type=\"text-editor.default\">\n\t\t\t\t\t\t\t\t\t<a style=\"color: inherit !important; text-decoration: none !important; font-weight: inherit !important; font-family: inherit !important; font-size: inherit !important;\" href=\"https:\/\/tidoreacademy.com\/dr-chandrasekaran\/\">Dr. Chandrasekaran<\/a>\n\n<style>\na[href=\"https:\/\/tidoreacademy.com\/lorenacoutino\/\"]:hover {<br\/>    color: inherit !important;<br\/>    text-decoration: none !important;<br\/>}<br\/><\/style>\t\t\t\t\t\t\t\t<\/div>\n\t\t\t\t<\/div>\n\t\t<div class=\"elementor-element elementor-element-05e1284 e-con-full e-flex e-con e-child\" data-id=\"05e1284\" data-element_type=\"container\" data-e-type=\"container\">\n\t\t\t\t<div class=\"elementor-element elementor-element-25c8ad3 elementor-widget elementor-widget-image\" data-id=\"25c8ad3\" data-element_type=\"widget\" data-e-type=\"widget\" data-widget_type=\"image.default\">\n\t\t\t\t\t\t\t\t\t\t\t\t\t\t\t<img loading=\"lazy\" decoding=\"async\" width=\"620\" height=\"414\" src=\"https:\/\/tidoreacademy.com\/wp-content\/uploads\/2025\/10\/Cris-Martinez.webp\" class=\"attachment-large size-large wp-image-3650\" alt=\"Cris Martinez\" srcset=\"https:\/\/tidoreacademy.com\/wp-content\/uploads\/2025\/10\/Cris-Martinez.webp 620w, https:\/\/tidoreacademy.com\/wp-content\/uploads\/2025\/10\/Cris-Martinez-300x200.webp 300w\" sizes=\"(max-width: 620px) 100vw, 620px\" \/>\t\t\t\t\t\t\t\t\t\t\t\t\t\t\t<\/div>\n\t\t\t\t<div class=\"elementor-element elementor-element-71c410a elementor-widget elementor-widget-text-editor\" data-id=\"71c410a\" data-element_type=\"widget\" data-e-type=\"widget\" data-widget_type=\"text-editor.default\">\n\t\t\t\t\t\t\t\t\t<a style=\"color: inherit !important; text-decoration: none !important; font-weight: inherit !important; font-family: inherit !important; font-size: inherit !important;\" href=\"https:\/\/tidoreacademy.com\/cristina-martinez\/\">Cris Mart\u00ednez<\/a>\n\n<style>\na[href=\"https:\/\/tidoreacademy.com\/lorenacoutino\/\"]:hover {<br\/>    color: inherit !important;<br\/>    text-decoration: none !important;<br\/>}<br\/><\/style>\t\t\t\t\t\t\t\t<\/div>\n\t\t\t\t<\/div>\n\t\t<div class=\"elementor-element elementor-element-cb428b5 e-con-full e-flex e-con e-child\" data-id=\"cb428b5\" data-element_type=\"container\" data-e-type=\"container\">\n\t\t\t\t<div class=\"elementor-element elementor-element-1e0afcf elementor-widget elementor-widget-image\" data-id=\"1e0afcf\" data-element_type=\"widget\" data-e-type=\"widget\" data-widget_type=\"image.default\">\n\t\t\t\t\t\t\t\t\t\t\t\t\t\t\t<img loading=\"lazy\" decoding=\"async\" width=\"620\" height=\"414\" src=\"https:\/\/tidoreacademy.com\/wp-content\/uploads\/2025\/10\/Giuseppe.jpg\" class=\"attachment-large size-large wp-image-3611\" alt=\"Giuseppe Saibante\" srcset=\"https:\/\/tidoreacademy.com\/wp-content\/uploads\/2025\/10\/Giuseppe.jpg 620w, https:\/\/tidoreacademy.com\/wp-content\/uploads\/2025\/10\/Giuseppe-300x200.jpg 300w\" sizes=\"(max-width: 620px) 100vw, 620px\" \/>\t\t\t\t\t\t\t\t\t\t\t\t\t\t\t<\/div>\n\t\t\t\t<div class=\"elementor-element elementor-element-4d73553 elementor-widget elementor-widget-text-editor\" data-id=\"4d73553\" data-element_type=\"widget\" data-e-type=\"widget\" data-widget_type=\"text-editor.default\">\n\t\t\t\t\t\t\t\t\t<a style=\"color: inherit !important; text-decoration: none !important; font-weight: inherit !important; font-family: inherit !important; font-size: inherit !important;\" href=\"https:\/\/tidoreacademy.com\/en\/giuseppe-saibante\/\">Giuseppe Saibante<\/a>\n\n<style>\na[href=\"https:\/\/tidoreacademy.com\/lorenacoutino\/\"]:hover {<br\/>    color: inherit !important;<br\/>    text-decoration: none !important;<br\/>}<br\/><\/style>\t\t\t\t\t\t\t\t<\/div>\n\t\t\t\t<\/div>\n\t\t<div class=\"elementor-element elementor-element-f43a289 e-con-full e-flex e-con e-child\" data-id=\"f43a289\" data-element_type=\"container\" data-e-type=\"container\">\n\t\t\t\t<div class=\"elementor-element elementor-element-cce3621 elementor-widget elementor-widget-image\" data-id=\"cce3621\" data-element_type=\"widget\" data-e-type=\"widget\" data-widget_type=\"image.default\">\n\t\t\t\t\t\t\t\t\t\t\t\t\t\t\t<img loading=\"lazy\" decoding=\"async\" width=\"800\" height=\"530\" src=\"https:\/\/tidoreacademy.com\/wp-content\/uploads\/2025\/10\/Mirari-Mukande.webp\" class=\"attachment-large size-large wp-image-3593\" alt=\"Mirari Mukande\" srcset=\"https:\/\/tidoreacademy.com\/wp-content\/uploads\/2025\/10\/Mirari-Mukande.webp 912w, https:\/\/tidoreacademy.com\/wp-content\/uploads\/2025\/10\/Mirari-Mukande-300x199.webp 300w, https:\/\/tidoreacademy.com\/wp-content\/uploads\/2025\/10\/Mirari-Mukande-768x509.webp 768w\" sizes=\"(max-width: 800px) 100vw, 800px\" \/>\t\t\t\t\t\t\t\t\t\t\t\t\t\t\t<\/div>\n\t\t\t\t<div class=\"elementor-element elementor-element-c56d7ff elementor-widget elementor-widget-text-editor\" data-id=\"c56d7ff\" data-element_type=\"widget\" data-e-type=\"widget\" data-widget_type=\"text-editor.default\">\n\t\t\t\t\t\t\t\t\t<a style=\"color: inherit !important; text-decoration: none !important; font-weight: inherit !important; font-family: inherit !important; font-size: inherit !important;\" href=\"https:\/\/tidoreacademy.com\/en\/mirari-mukande\/\">Mirari Mukande<\/a>\n\n<style>\na[href=\"https:\/\/tidoreacademy.com\/lorenacoutino\/\"]:hover {<br\/>    color: inherit !important;<br\/>    text-decoration: none !important;<br\/>}<br\/><\/style>\t\t\t\t\t\t\t\t<\/div>\n\t\t\t\t<\/div>\n\t\t\t\t<\/div>\n\t\t\t\t\t<\/div>\n\t\t\t\t<\/div>\n\t\t\t\t<\/div>\n\t\t","protected":false},"excerpt":{"rendered":"<p>The heart of the studio, our team Instructors with different backgrounds and a shared philosophy Esther Fern\u00e1ndez Lorena Couti\u00f1o Carolina Najar Luc\u00eda Bosch Laia Villegas Dr. Chandrasekaran Cris Mart\u00ednez Giuseppe Saibante Mirari Mukande<\/p>\n","protected":false},"author":1,"featured_media":0,"parent":0,"menu_order":0,"comment_status":"closed","ping_status":"closed","template":"","meta":{"footnotes":""},"class_list":["post-3653","page","type-page","status-publish","hentry"],"_links":{"self":[{"href":"https:\/\/tidoreacademy.com\/en\/wp-json\/wp\/v2\/pages\/3653","targetHints":{"allow":["GET"]}}],"collection":[{"href":"https:\/\/tidoreacademy.com\/en\/wp-json\/wp\/v2\/pages"}],"about":[{"href":"https:\/\/tidoreacademy.com\/en\/wp-json\/wp\/v2\/types\/page"}],"author":[{"embeddable":true,"href":"https:\/\/tidoreacademy.com\/en\/wp-json\/wp\/v2\/users\/1"}],"replies":[{"embeddable":true,"href":"https:\/\/tidoreacademy.com\/en\/wp-json\/wp\/v2\/comments?post=3653"}],"version-history":[{"count":1,"href":"https:\/\/tidoreacademy.com\/en\/wp-json\/wp\/v2\/pages\/3653\/revisions"}],"predecessor-version":[{"id":3654,"href":"https:\/\/tidoreacademy.com\/en\/wp-json\/wp\/v2\/pages\/3653\/revisions\/3654"}],"wp:attachment":[{"href":"https:\/\/tidoreacademy.com\/en\/wp-json\/wp\/v2\/media?parent=3653"}],"curies":[{"name":"wp","href":"https:\/\/api.w.org\/{rel}","templated":true}]}}