{"id":3657,"date":"2025-10-24T12:37:59","date_gmt":"2025-10-24T10:37:59","guid":{"rendered":"http:\/\/192.168.1.121\/tidore\/dr-chandrasekaran\/"},"modified":"2025-11-24T13:03:13","modified_gmt":"2025-11-24T12:03:13","slug":"dr-chandrasekaran","status":"publish","type":"page","link":"https:\/\/tidoreacademy.com\/en\/dr-chandrasekaran\/","title":{"rendered":"Dr. Chandrasekaran"},"content":{"rendered":"\t\t<div data-elementor-type=\"wp-page\" data-elementor-id=\"3657\" class=\"elementor elementor-3657 elementor-1574\" data-elementor-post-type=\"page\">\n\t\t\t\t<div class=\"elementor-element elementor-element-7ba1ad7 e-con-full e-flex e-con e-parent\" data-id=\"7ba1ad7\" data-element_type=\"container\" data-e-type=\"container\" data-settings=\"{&quot;background_background&quot;:&quot;classic&quot;}\">\n\t\t<div class=\"elementor-element elementor-element-0aeac43 e-con-full e-flex e-con e-child\" data-id=\"0aeac43\" data-element_type=\"container\" data-e-type=\"container\">\n\t\t\t\t<div class=\"elementor-element elementor-element-7306440 elementor-widget elementor-widget-heading\" data-id=\"7306440\" data-element_type=\"widget\" data-e-type=\"widget\" data-widget_type=\"heading.default\">\n\t\t\t\t\t<h1 class=\"elementor-heading-title elementor-size-default\">The heart of the studio, our team<\/h1>\t\t\t\t<\/div>\n\t\t\t\t<div class=\"elementor-element elementor-element-89cfc3e elementor-widget-divider--view-line elementor-widget elementor-widget-divider\" data-id=\"89cfc3e\" data-element_type=\"widget\" data-e-type=\"widget\" data-widget_type=\"divider.default\">\n\t\t\t\t\t\t\t<div class=\"elementor-divider\">\n\t\t\t<span class=\"elementor-divider-separator\">\n\t\t\t\t\t\t<\/span>\n\t\t<\/div>\n\t\t\t\t\t\t<\/div>\n\t\t\t\t<div class=\"elementor-element elementor-element-b164409 elementor-widget elementor-widget-text-editor\" data-id=\"b164409\" data-element_type=\"widget\" data-e-type=\"widget\" data-widget_type=\"text-editor.default\">\n\t\t\t\t\t\t\t\t\tInstructors with different backgrounds<br> and a shared philosophy\n<strong><brCada sesi\u00f3n es \u00fanica porque cada persona tambi\u00e9n lo es\/strong>\t\t\t\t\t\t\t\t<\/div>\n\t\t\t\t<\/div>\n\t\t\t\t<\/div>\n\t\t<div class=\"elementor-element elementor-element-4411782 e-flex e-con-boxed e-con e-parent\" data-id=\"4411782\" data-element_type=\"container\" data-e-type=\"container\">\n\t\t\t\t\t<div class=\"e-con-inner\">\n\t\t<div class=\"elementor-element elementor-element-138f7f6 e-con-full e-flex e-con e-child\" data-id=\"138f7f6\" data-element_type=\"container\" data-e-type=\"container\">\n\t\t\t\t<div class=\"elementor-element elementor-element-91dda58 elementor-widget elementor-widget-heading\" data-id=\"91dda58\" data-element_type=\"widget\" data-e-type=\"widget\" data-widget_type=\"heading.default\">\n\t\t\t\t\t<h2 class=\"elementor-heading-title elementor-size-default\">Other teachers<\/h2>\t\t\t\t<\/div>\n\t\t\t\t<div class=\"elementor-element elementor-element-0a24191 elementor-widget-divider--view-line elementor-widget elementor-widget-divider\" data-id=\"0a24191\" data-element_type=\"widget\" data-e-type=\"widget\" data-widget_type=\"divider.default\">\n\t\t\t\t\t\t\t<div class=\"elementor-divider\">\n\t\t\t<span class=\"elementor-divider-separator\">\n\t\t\t\t\t\t<\/span>\n\t\t<\/div>\n\t\t\t\t\t\t<\/div>\n\t\t\t\t<div class=\"elementor-element elementor-element-00c8213 elementor-widget elementor-widget-text-editor\" data-id=\"00c8213\" data-element_type=\"widget\" data-e-type=\"widget\" data-widget_type=\"text-editor.default\">\n\t\t\t\t\t\t\t\t\t<a style=\"color: inherit !important; text-decoration: none !important; font-weight: inherit !important; font-family: inherit !important; font-size: inherit !important;\" href=\"https:\/\/tidoreacademy.com\/en\/laia-villegas\/\">Laia Villegas<\/a><br>\n<a style=\"color: inherit !important; text-decoration: none !important; font-weight: inherit !important; font-family: inherit !important; font-size: inherit !important;\" href=\"https:\/\/tidoreacademy.com\/en\/lorenacoutino\/\">Lorena Couti\u00f1o<\/a><br>\n<a style=\"color: inherit !important; text-decoration: none !important; font-weight: inherit !important; font-family: inherit !important; font-size: inherit !important;\" href=\"https:\/\/tidoreacademy.com\/en\/esther-fernandez\/\">Esther Fern\u00e1ndez<\/a><br>\n<a style=\"color: inherit !important; text-decoration: none !important; font-weight: inherit !important; font-family: inherit !important; font-size: inherit !important;\" href=\"https:\/\/tidoreacademy.com\/cristina-martinez\/\">Cristina Mart\u00ednez<\/a><br>\n<a style=\"color: inherit !important; text-decoration: none !important; font-weight: inherit !important; font-family: inherit !important; font-size: inherit !important;\" href=\"https:\/\/tidoreacademy.com\/en\/giuseppe-saibante\/\">Giuseppe Saibante<\/a><br>\n<a style=\"color: inherit !important; text-decoration: none !important; font-weight: inherit !important; font-family: inherit !important; font-size: inherit !important;\" href=\"https:\/\/tidoreacademy.com\/en\/lucia-bosch\/\">Luc\u00eda Bosch<\/a><br>\n<a style=\"color: inherit !important; text-decoration: none !important; font-weight: inherit !important; font-family: inherit !important; font-size: inherit !important;\" href=\"https:\/\/tidoreacademy.com\/en\/mirari-mukande\/\">Mirari Mukande<\/a>\t\t\t\t\t\t\t\t<\/div>\n\t\t\t\t<\/div>\n\t\t<div class=\"elementor-element elementor-element-f6b37ff e-con-full e-flex e-con e-child\" data-id=\"f6b37ff\" data-element_type=\"container\" data-e-type=\"container\">\n\t\t<div class=\"elementor-element elementor-element-4cd0ab7 e-grid e-con-full e-con e-child\" data-id=\"4cd0ab7\" data-element_type=\"container\" data-e-type=\"container\">\n\t\t\t\t<div class=\"elementor-element elementor-element-3042bb1 elementor-widget elementor-widget-image\" data-id=\"3042bb1\" data-element_type=\"widget\" data-e-type=\"widget\" data-widget_type=\"image.default\">\n\t\t\t\t\t\t\t\t\t\t\t\t\t\t\t<img fetchpriority=\"high\" decoding=\"async\" width=\"620\" height=\"414\" src=\"https:\/\/tidoreacademy.com\/wp-content\/uploads\/2025\/11\/1-1.jpg\" class=\"attachment-large size-large wp-image-3655\" alt=\"\" srcset=\"https:\/\/tidoreacademy.com\/wp-content\/uploads\/2025\/11\/1-1.jpg 620w, https:\/\/tidoreacademy.com\/wp-content\/uploads\/2025\/11\/1-1-300x200.jpg 300w\" sizes=\"(max-width: 620px) 100vw, 620px\" \/>\t\t\t\t\t\t\t\t\t\t\t\t\t\t\t<\/div>\n\t\t<div class=\"elementor-element elementor-element-5df04c4 e-con-full e-flex e-con e-child\" data-id=\"5df04c4\" data-element_type=\"container\" data-e-type=\"container\">\n\t\t\t\t<div class=\"elementor-element elementor-element-185afee elementor-widget elementor-widget-heading\" data-id=\"185afee\" data-element_type=\"widget\" data-e-type=\"widget\" data-widget_type=\"heading.default\">\n\t\t\t\t\t<h2 class=\"elementor-heading-title elementor-size-default\">Dr. Chandrasekaran<\/h2>\t\t\t\t<\/div>\n\t\t\t\t<div class=\"elementor-element elementor-element-55bb8c2 elementor-widget-divider--view-line elementor-widget elementor-widget-divider\" data-id=\"55bb8c2\" data-element_type=\"widget\" data-e-type=\"widget\" data-widget_type=\"divider.default\">\n\t\t\t\t\t\t\t<div class=\"elementor-divider\">\n\t\t\t<span class=\"elementor-divider-separator\">\n\t\t\t\t\t\t<\/span>\n\t\t<\/div>\n\t\t\t\t\t\t<\/div>\n\t\t<div class=\"elementor-element elementor-element-cabf4d0 e-grid e-con-full e-con e-child\" data-id=\"cabf4d0\" data-element_type=\"container\" data-e-type=\"container\">\n\t\t\t\t<div class=\"elementor-element elementor-element-96eabbf elementor-view-default elementor-widget elementor-widget-icon\" data-id=\"96eabbf\" data-element_type=\"widget\" data-e-type=\"widget\" data-widget_type=\"icon.default\">\n\t\t\t\t\t\t\t<div class=\"elementor-icon-wrapper\">\n\t\t\t<a class=\"elementor-icon\" href=\"https:\/\/www.youtube.com\/shorts\/Z8Vthxyism8\">\n\t\t\t<svg aria-hidden=\"true\" class=\"e-font-icon-svg e-fab-youtube\" viewBox=\"0 0 576 512\" xmlns=\"http:\/\/www.w3.org\/2000\/svg\"><path d=\"M549.655 124.083c-6.281-23.65-24.787-42.276-48.284-48.597C458.781 64 288 64 288 64S117.22 64 74.629 75.486c-23.497 6.322-42.003 24.947-48.284 48.597-11.412 42.867-11.412 132.305-11.412 132.305s0 89.438 11.412 132.305c6.281 23.65 24.787 41.5 48.284 47.821C117.22 448 288 448 288 448s170.78 0 213.371-11.486c23.497-6.321 42.003-24.171 48.284-47.821 11.412-42.867 11.412-132.305 11.412-132.305s0-89.438-11.412-132.305zm-317.51 213.508V175.185l142.739 81.205-142.739 81.201z\"><\/path><\/svg>\t\t\t<\/a>\n\t\t<\/div>\n\t\t\t\t\t\t<\/div>\n\t\t\t\t<\/div>\n\t\t\t\t<\/div>\n\t\t\t\t<\/div>\n\t\t<div class=\"elementor-element elementor-element-d0d8c84 e-con-full e-flex e-con e-child\" data-id=\"d0d8c84\" data-element_type=\"container\" data-e-type=\"container\">\n\t\t\t\t<div class=\"elementor-element elementor-element-d40f96c elementor-widget elementor-widget-text-editor\" data-id=\"d40f96c\" data-element_type=\"widget\" data-e-type=\"widget\" data-widget_type=\"text-editor.default\">\n\t\t\t\t\t\t\t\t\t<p> <strong><em>El Dr. N. Chandrasekaran,<\/em><\/strong><em> MBBS, is one of the world&#8217;s most experienced yoga therapists, a Western doctor, international instructor and author. He has been heading the Yoga Therapy Department at Krisnamacharya Yoga Mandiram (KYM) in Chennai for over a decade. In that position, he treated more than 15,000 students with a wide range of health problems, prescribing individual practices for each one. Dr N. Chandrasekaran (Dr NC) practised allopathic medicine for nearly thirty years and completed his postgraduate studies in Yoga in 1990. Since 1991, he worked as a consultant-teacher and, since 2001, he was Director of Therapy at KYM. Dr. NC&#8217;s experience in medicine and the yogic healing process allows him to practise and present a surprisingly effective combination of Western medical systems and traditional Eastern wisdom, helping people with a wide range of health issues. He has taught numerous international teacher training programmes and continuing education programmes, as well as training many high-level yoga teachers in the specialised field of yoga therapy. Dr. NC is the author of a series of books on the practice of yoga therapy that will become a reference for serious professionals in the field.<\/em><\/p><p> <\/p><p>Dr. Siddharthan<strong>, MBBS,<\/strong> Diploma in Yoga and Postgraduate Degree in Yoga Therapy, is the son and student of Dr. N. Chandrasekaran, founder of Yoga Vaidya Sala in Chennai. He obtained his Bachelor of Medicine and Surgery from the Tamil Nadu Medical Council and has been practising allopathic medicine for six years. He learned Srsti Krama Vinyasa (Krishnamacharya tradition) from the age of eight and currently teaches seminars and classes on Srsti Krama on a regular basis. He is also actively involved in the practice of yoga therapy.<\/p><p><em>Dr. Siddharthan is the managing director of Yoga Vaidya Sala and assists Dr. NC in his teachings to Indian and international students.<\/em><\/p><p> <\/p><p><u> &#8211; Miren Iruretagoyena<\/u><\/p><p><u> &#8211; Kaisu Tuominiemi<\/u><\/p><p><u> &#8211; Cristina Martinez<\/u><\/p>\t\t\t\t\t\t\t\t<\/div>\n\t\t\t\t<\/div>\n\t\t\t\t<\/div>\n\t\t\t\t\t<\/div>\n\t\t\t\t<\/div>\n\t\t\t\t<\/div>\n\t\t","protected":false},"excerpt":{"rendered":"<p>The heart of the studio, our team Instructors with different backgrounds and a shared philosophy Other teachers Laia Villegas Lorena Couti\u00f1o Esther Fern\u00e1ndez Cristina Mart\u00ednez Giuseppe Saibante Luc\u00eda Bosch Mirari Mukande Dr. Chandrasekaran El Dr. N. Chandrasekaran, MBBS, is one of the world&#8217;s most experienced yoga therapists, a Western doctor, international instructor and author. He [&hellip;]<\/p>\n","protected":false},"author":1,"featured_media":0,"parent":0,"menu_order":0,"comment_status":"closed","ping_status":"closed","template":"","meta":{"footnotes":""},"class_list":["post-3657","page","type-page","status-publish","hentry"],"_links":{"self":[{"href":"https:\/\/tidoreacademy.com\/en\/wp-json\/wp\/v2\/pages\/3657","targetHints":{"allow":["GET"]}}],"collection":[{"href":"https:\/\/tidoreacademy.com\/en\/wp-json\/wp\/v2\/pages"}],"about":[{"href":"https:\/\/tidoreacademy.com\/en\/wp-json\/wp\/v2\/types\/page"}],"author":[{"embeddable":true,"href":"https:\/\/tidoreacademy.com\/en\/wp-json\/wp\/v2\/users\/1"}],"replies":[{"embeddable":true,"href":"https:\/\/tidoreacademy.com\/en\/wp-json\/wp\/v2\/comments?post=3657"}],"version-history":[{"count":1,"href":"https:\/\/tidoreacademy.com\/en\/wp-json\/wp\/v2\/pages\/3657\/revisions"}],"predecessor-version":[{"id":3658,"href":"https:\/\/tidoreacademy.com\/en\/wp-json\/wp\/v2\/pages\/3657\/revisions\/3658"}],"wp:attachment":[{"href":"https:\/\/tidoreacademy.com\/en\/wp-json\/wp\/v2\/media?parent=3657"}],"curies":[{"name":"wp","href":"https:\/\/api.w.org\/{rel}","templated":true}]}}