{"id":3664,"date":"2025-10-24T14:11:22","date_gmt":"2025-10-24T12:11:22","guid":{"rendered":"http:\/\/192.168.1.121\/tidore\/carolina-najar\/"},"modified":"2025-11-24T13:06:46","modified_gmt":"2025-11-24T12:06:46","slug":"carolina-najar","status":"publish","type":"page","link":"https:\/\/tidoreacademy.com\/en\/carolina-najar\/","title":{"rendered":"Carolina Najar"},"content":{"rendered":"\t\t<div data-elementor-type=\"wp-page\" data-elementor-id=\"3664\" class=\"elementor elementor-3664 elementor-1771\" data-elementor-post-type=\"page\">\n\t\t\t\t<div class=\"elementor-element elementor-element-7ba1ad7 e-con-full e-flex e-con e-parent\" data-id=\"7ba1ad7\" data-element_type=\"container\" data-e-type=\"container\" data-settings=\"{&quot;background_background&quot;:&quot;classic&quot;}\">\n\t\t<div class=\"elementor-element elementor-element-0aeac43 e-con-full e-flex e-con e-child\" data-id=\"0aeac43\" data-element_type=\"container\" data-e-type=\"container\">\n\t\t\t\t<div class=\"elementor-element elementor-element-7306440 elementor-widget elementor-widget-heading\" data-id=\"7306440\" data-element_type=\"widget\" data-e-type=\"widget\" data-widget_type=\"heading.default\">\n\t\t\t\t\t<h1 class=\"elementor-heading-title elementor-size-default\">The heart of the studio, our team<\/h1>\t\t\t\t<\/div>\n\t\t\t\t<div class=\"elementor-element elementor-element-89cfc3e elementor-widget-divider--view-line elementor-widget elementor-widget-divider\" data-id=\"89cfc3e\" data-element_type=\"widget\" data-e-type=\"widget\" data-widget_type=\"divider.default\">\n\t\t\t\t\t\t\t<div class=\"elementor-divider\">\n\t\t\t<span class=\"elementor-divider-separator\">\n\t\t\t\t\t\t<\/span>\n\t\t<\/div>\n\t\t\t\t\t\t<\/div>\n\t\t\t\t<div class=\"elementor-element elementor-element-b164409 elementor-widget elementor-widget-text-editor\" data-id=\"b164409\" data-element_type=\"widget\" data-e-type=\"widget\" data-widget_type=\"text-editor.default\">\n\t\t\t\t\t\t\t\t\tInstructors with different backgrounds<br> and a shared philosophy\n<strong><brCada sesi\u00f3n es \u00fanica porque cada persona tambi\u00e9n lo es\/strong>\t\t\t\t\t\t\t\t<\/div>\n\t\t\t\t<\/div>\n\t\t\t\t<\/div>\n\t\t<div class=\"elementor-element elementor-element-4411782 e-flex e-con-boxed e-con e-parent\" data-id=\"4411782\" data-element_type=\"container\" data-e-type=\"container\">\n\t\t\t\t\t<div class=\"e-con-inner\">\n\t\t<div class=\"elementor-element elementor-element-138f7f6 e-con-full e-flex e-con e-child\" data-id=\"138f7f6\" data-element_type=\"container\" data-e-type=\"container\">\n\t\t\t\t<div class=\"elementor-element elementor-element-91dda58 elementor-widget elementor-widget-heading\" data-id=\"91dda58\" data-element_type=\"widget\" data-e-type=\"widget\" data-widget_type=\"heading.default\">\n\t\t\t\t\t<h2 class=\"elementor-heading-title elementor-size-default\">Other teachers<\/h2>\t\t\t\t<\/div>\n\t\t\t\t<div class=\"elementor-element elementor-element-0a24191 elementor-widget-divider--view-line elementor-widget elementor-widget-divider\" data-id=\"0a24191\" data-element_type=\"widget\" data-e-type=\"widget\" data-widget_type=\"divider.default\">\n\t\t\t\t\t\t\t<div class=\"elementor-divider\">\n\t\t\t<span class=\"elementor-divider-separator\">\n\t\t\t\t\t\t<\/span>\n\t\t<\/div>\n\t\t\t\t\t\t<\/div>\n\t\t\t\t<div class=\"elementor-element elementor-element-00c8213 elementor-widget elementor-widget-text-editor\" data-id=\"00c8213\" data-element_type=\"widget\" data-e-type=\"widget\" data-widget_type=\"text-editor.default\">\n\t\t\t\t\t\t\t\t\t<a style=\"color: inherit !important; text-decoration: none !important; font-weight: inherit !important; font-family: inherit !important; font-size: inherit !important;\" href=\"https:\/\/tidoreacademy.com\/en\/laia-villegas\/\">Laia Villegas<\/a><br>\n<a style=\"color: inherit !important; text-decoration: none !important; font-weight: inherit !important; font-family: inherit !important; font-size: inherit !important;\" href=\"https:\/\/tidoreacademy.com\/en\/lorenacoutino\/\">Lorena Couti\u00f1o<\/a><br>\n<a style=\"color: inherit !important; text-decoration: none !important; font-weight: inherit !important; font-family: inherit !important; font-size: inherit !important;\" href=\"https:\/\/tidoreacademy.com\/en\/esther-fernandez\/\">Esther Fern\u00e1ndez<\/a><br>\n<a style=\"color: inherit !important; text-decoration: none !important; font-weight: inherit !important; font-family: inherit !important; font-size: inherit !important;\" href=\"https:\/\/tidoreacademy.com\/en\/dr-chandrasekaran\/\">Dr.Chandrasekaran<\/a><br>\n<a style=\"color: inherit !important; text-decoration: none !important; font-weight: inherit !important; font-family: inherit !important; font-size: inherit !important;\" href=\"https:\/\/tidoreacademy.com\/en\/giuseppe-saibante\/\">Giuseppe Saibante<\/a><br>\n<a style=\"color: inherit !important; text-decoration: none !important; font-weight: inherit !important; font-family: inherit !important; font-size: inherit !important;\" href=\"https:\/\/tidoreacademy.com\/en\/cristina-martine\/\">Cristina Mart\u00edne<\/a><br>\n<a style=\"color: inherit !important; text-decoration: none !important; font-weight: inherit !important; font-family: inherit !important; font-size: inherit !important;\" href=\"https:\/\/tidoreacademy.com\/en\/lucia-bosch\/\">Luc\u00eda Bosch<\/a><br>\n<a style=\"color: inherit !important; text-decoration: none !important; font-weight: inherit !important; font-family: inherit !important; font-size: inherit !important;\" href=\"https:\/\/tidoreacademy.com\/en\/mirari-mukande\/\">Mirari Mukande<\/a><br>\n<a style=\"color: inherit !important; text-decoration: none !important; font-weight: inherit !important; font-family: inherit !important; font-size: inherit !important;\" href=\"https:\/\/tidoreacademy.com\/en\/mirari-mukande\/\">Carolina Najar<\/a>\t\t\t\t\t\t\t\t<\/div>\n\t\t\t\t<\/div>\n\t\t<div class=\"elementor-element elementor-element-f6b37ff e-con-full e-flex e-con e-child\" data-id=\"f6b37ff\" data-element_type=\"container\" data-e-type=\"container\">\n\t\t<div class=\"elementor-element elementor-element-4cd0ab7 e-grid e-con-full e-con e-child\" data-id=\"4cd0ab7\" data-element_type=\"container\" data-e-type=\"container\">\n\t\t\t\t<div class=\"elementor-element elementor-element-3042bb1 elementor-widget elementor-widget-image\" data-id=\"3042bb1\" data-element_type=\"widget\" data-e-type=\"widget\" data-widget_type=\"image.default\">\n\t\t\t\t\t\t\t\t\t\t\t\t\t\t\t<img decoding=\"async\" src=\"https:\/\/tidoreacademy.com\/wp-content\/uploads\/2025\/10\/Irantzu.webp\" title=\"\" alt=\"\" loading=\"lazy\" \/>\t\t\t\t\t\t\t\t\t\t\t\t\t\t\t<\/div>\n\t\t<div class=\"elementor-element elementor-element-5df04c4 e-con-full e-flex e-con e-child\" data-id=\"5df04c4\" data-element_type=\"container\" data-e-type=\"container\">\n\t\t\t\t<div class=\"elementor-element elementor-element-185afee elementor-widget elementor-widget-heading\" data-id=\"185afee\" data-element_type=\"widget\" data-e-type=\"widget\" data-widget_type=\"heading.default\">\n\t\t\t\t\t<h2 class=\"elementor-heading-title elementor-size-default\">Carolina Najar<\/h2>\t\t\t\t<\/div>\n\t\t\t\t<div class=\"elementor-element elementor-element-55bb8c2 elementor-widget-divider--view-line elementor-widget elementor-widget-divider\" data-id=\"55bb8c2\" data-element_type=\"widget\" data-e-type=\"widget\" data-widget_type=\"divider.default\">\n\t\t\t\t\t\t\t<div class=\"elementor-divider\">\n\t\t\t<span class=\"elementor-divider-separator\">\n\t\t\t\t\t\t<\/span>\n\t\t<\/div>\n\t\t\t\t\t\t<\/div>\n\t\t<div class=\"elementor-element elementor-element-cabf4d0 e-grid e-con-full e-con e-child\" data-id=\"cabf4d0\" data-element_type=\"container\" data-e-type=\"container\">\n\t\t\t\t<div class=\"elementor-element elementor-element-737785d elementor-view-default elementor-widget elementor-widget-icon\" data-id=\"737785d\" data-element_type=\"widget\" data-e-type=\"widget\" data-widget_type=\"icon.default\">\n\t\t\t\t\t\t\t<div class=\"elementor-icon-wrapper\">\n\t\t\t<a class=\"elementor-icon\" href=\"https:\/\/www.instagram.com\/crismartinezr__\/\">\n\t\t\t<svg aria-hidden=\"true\" class=\"e-font-icon-svg e-fab-instagram\" viewBox=\"0 0 448 512\" xmlns=\"http:\/\/www.w3.org\/2000\/svg\"><path d=\"M224.1 141c-63.6 0-114.9 51.3-114.9 114.9s51.3 114.9 114.9 114.9S339 319.5 339 255.9 287.7 141 224.1 141zm0 189.6c-41.1 0-74.7-33.5-74.7-74.7s33.5-74.7 74.7-74.7 74.7 33.5 74.7 74.7-33.6 74.7-74.7 74.7zm146.4-194.3c0 14.9-12 26.8-26.8 26.8-14.9 0-26.8-12-26.8-26.8s12-26.8 26.8-26.8 26.8 12 26.8 26.8zm76.1 27.2c-1.7-35.9-9.9-67.7-36.2-93.9-26.2-26.2-58-34.4-93.9-36.2-37-2.1-147.9-2.1-184.9 0-35.8 1.7-67.6 9.9-93.9 36.1s-34.4 58-36.2 93.9c-2.1 37-2.1 147.9 0 184.9 1.7 35.9 9.9 67.7 36.2 93.9s58 34.4 93.9 36.2c37 2.1 147.9 2.1 184.9 0 35.9-1.7 67.7-9.9 93.9-36.2 26.2-26.2 34.4-58 36.2-93.9 2.1-37 2.1-147.8 0-184.8zM398.8 388c-7.8 19.6-22.9 34.7-42.6 42.6-29.5 11.7-99.5 9-132.1 9s-102.7 2.6-132.1-9c-19.6-7.8-34.7-22.9-42.6-42.6-11.7-29.5-9-99.5-9-132.1s-2.6-102.7 9-132.1c7.8-19.6 22.9-34.7 42.6-42.6 29.5-11.7 99.5-9 132.1-9s102.7-2.6 132.1 9c19.6 7.8 34.7 22.9 42.6 42.6 11.7 29.5 9 99.5 9 132.1s2.7 102.7-9 132.1z\"><\/path><\/svg>\t\t\t<\/a>\n\t\t<\/div>\n\t\t\t\t\t\t<\/div>\n\t\t\t\t<div class=\"elementor-element elementor-element-19977d4 elementor-view-default elementor-widget elementor-widget-icon\" data-id=\"19977d4\" data-element_type=\"widget\" data-e-type=\"widget\" data-widget_type=\"icon.default\">\n\t\t\t\t\t\t\t<div class=\"elementor-icon-wrapper\">\n\t\t\t<div class=\"elementor-icon\">\n\t\t\t<svg aria-hidden=\"true\" class=\"e-font-icon-svg e-fab-facebook\" viewBox=\"0 0 512 512\" xmlns=\"http:\/\/www.w3.org\/2000\/svg\"><path d=\"M504 256C504 119 393 8 256 8S8 119 8 256c0 123.78 90.69 226.38 209.25 245V327.69h-63V256h63v-54.64c0-62.15 37-96.48 93.67-96.48 27.14 0 55.52 4.84 55.52 4.84v61h-31.28c-30.8 0-40.41 19.12-40.41 38.73V256h68.78l-11 71.69h-57.78V501C413.31 482.38 504 379.78 504 256z\"><\/path><\/svg>\t\t\t<\/div>\n\t\t<\/div>\n\t\t\t\t\t\t<\/div>\n\t\t\t\t<div class=\"elementor-element elementor-element-96eabbf elementor-view-default elementor-widget elementor-widget-icon\" data-id=\"96eabbf\" data-element_type=\"widget\" data-e-type=\"widget\" data-widget_type=\"icon.default\">\n\t\t\t\t\t\t\t<div class=\"elementor-icon-wrapper\">\n\t\t\t<div class=\"elementor-icon\">\n\t\t\t<svg aria-hidden=\"true\" class=\"e-font-icon-svg e-fab-youtube\" viewBox=\"0 0 576 512\" xmlns=\"http:\/\/www.w3.org\/2000\/svg\"><path d=\"M549.655 124.083c-6.281-23.65-24.787-42.276-48.284-48.597C458.781 64 288 64 288 64S117.22 64 74.629 75.486c-23.497 6.322-42.003 24.947-48.284 48.597-11.412 42.867-11.412 132.305-11.412 132.305s0 89.438 11.412 132.305c6.281 23.65 24.787 41.5 48.284 47.821C117.22 448 288 448 288 448s170.78 0 213.371-11.486c23.497-6.321 42.003-24.171 48.284-47.821 11.412-42.867 11.412-132.305 11.412-132.305s0-89.438-11.412-132.305zm-317.51 213.508V175.185l142.739 81.205-142.739 81.201z\"><\/path><\/svg>\t\t\t<\/div>\n\t\t<\/div>\n\t\t\t\t\t\t<\/div>\n\t\t\t\t<\/div>\n\t\t\t\t<\/div>\n\t\t\t\t<\/div>\n\t\t<div class=\"elementor-element elementor-element-d0d8c84 e-con-full e-flex e-con e-child\" data-id=\"d0d8c84\" data-element_type=\"container\" data-e-type=\"container\">\n\t\t\t\t<div class=\"elementor-element elementor-element-d40f96c elementor-widget elementor-widget-text-editor\" data-id=\"d40f96c\" data-element_type=\"widget\" data-e-type=\"widget\" data-widget_type=\"text-editor.default\">\n\t\t\t\t\t\t\t\t\t<p>Entrepreneur and business connector specialising in the food industry and gastronomy in the domestic, European and Latin American markets.<br><br>His professional career has been in the consumer goods sector for the last 20 years, 16 of them at one of the leading national distributors, where he has held various positions in the sales and marketing management team.<br><br>She has been a mentor in national and European incubation and acceleration programmes, and is a professor of marketing at universities.<br><br>He holds an International Master&#8217;s Degree in Open Innovation, Intrapreneurship and New Business (2017) and a Programme for Retail Company Executives and Managers (2006), both from the University of Mondrag\u00f3n. He also holds a degree in Business Studies from the University of the Basque Country (1999).<br><br>He has been part of the AZTI Value team since 2021.<\/p>\t\t\t\t\t\t\t\t<\/div>\n\t\t\t\t<\/div>\n\t\t\t\t<\/div>\n\t\t\t\t\t<\/div>\n\t\t\t\t<\/div>\n\t\t\t\t<\/div>\n\t\t","protected":false},"excerpt":{"rendered":"<p>The heart of the studio, our team Instructors with different backgrounds and a shared philosophy Other teachers Laia Villegas Lorena Couti\u00f1o Esther Fern\u00e1ndez Dr.Chandrasekaran Giuseppe Saibante Cristina Mart\u00edne Luc\u00eda Bosch Mirari Mukande Carolina Najar Carolina Najar Entrepreneur and business connector specialising in the food industry and gastronomy in the domestic, European and Latin American markets. [&hellip;]<\/p>\n","protected":false},"author":1,"featured_media":0,"parent":0,"menu_order":0,"comment_status":"closed","ping_status":"closed","template":"","meta":{"footnotes":""},"class_list":["post-3664","page","type-page","status-publish","hentry"],"_links":{"self":[{"href":"https:\/\/tidoreacademy.com\/en\/wp-json\/wp\/v2\/pages\/3664","targetHints":{"allow":["GET"]}}],"collection":[{"href":"https:\/\/tidoreacademy.com\/en\/wp-json\/wp\/v2\/pages"}],"about":[{"href":"https:\/\/tidoreacademy.com\/en\/wp-json\/wp\/v2\/types\/page"}],"author":[{"embeddable":true,"href":"https:\/\/tidoreacademy.com\/en\/wp-json\/wp\/v2\/users\/1"}],"replies":[{"embeddable":true,"href":"https:\/\/tidoreacademy.com\/en\/wp-json\/wp\/v2\/comments?post=3664"}],"version-history":[{"count":1,"href":"https:\/\/tidoreacademy.com\/en\/wp-json\/wp\/v2\/pages\/3664\/revisions"}],"predecessor-version":[{"id":3665,"href":"https:\/\/tidoreacademy.com\/en\/wp-json\/wp\/v2\/pages\/3664\/revisions\/3665"}],"wp:attachment":[{"href":"https:\/\/tidoreacademy.com\/en\/wp-json\/wp\/v2\/media?parent=3664"}],"curies":[{"name":"wp","href":"https:\/\/api.w.org\/{rel}","templated":true}]}}