{"id":3668,"date":"2025-10-29T10:53:11","date_gmt":"2025-10-29T09:53:11","guid":{"rendered":"http:\/\/192.168.1.121\/tidore\/aviso-legal\/"},"modified":"2025-11-24T13:07:24","modified_gmt":"2025-11-24T12:07:24","slug":"aviso-legal","status":"publish","type":"page","link":"https:\/\/tidoreacademy.com\/en\/aviso-legal\/","title":{"rendered":"Aviso legal"},"content":{"rendered":"\t\t<div data-elementor-type=\"wp-page\" data-elementor-id=\"3668\" class=\"elementor elementor-3668 elementor-2738\" data-elementor-post-type=\"page\">\n\t\t\t\t<div class=\"elementor-element elementor-element-b7732d8 e-flex e-con-boxed e-con e-parent\" data-id=\"b7732d8\" data-element_type=\"container\" data-e-type=\"container\">\n\t\t\t\t\t<div class=\"e-con-inner\">\n\t\t\t\t<div class=\"elementor-element elementor-element-2004ce0 elementor-widget elementor-widget-text-editor\" data-id=\"2004ce0\" data-element_type=\"widget\" data-e-type=\"widget\" data-widget_type=\"text-editor.default\">\n\t\t\t\t\t\t\t\t\t<h2 data-start=\"345\" data-end=\"362\">\ud83e\uddd8 AVISO LEGAL<\/h2><h3 data-start=\"364\" data-end=\"394\">1. Datos identificativos<\/h3><p data-start=\"395\" data-end=\"631\">En cumplimiento con el deber de informaci\u00f3n recogido en la Ley 34\/2002, de 11 de julio, de Servicios de la Sociedad de la Informaci\u00f3n y Comercio Electr\u00f3nico (LSSI-CE), se facilitan a continuaci\u00f3n los datos del titular de este sitio web:<\/p><p data-start=\"633\" data-end=\"950\"><strong data-start=\"633\" data-end=\"645\">Titular:<\/strong> Tidore Yoga Academy<br data-start=\"665\" data-end=\"668\"><strong data-start=\"668\" data-end=\"689\">Nombre comercial:<\/strong> Tidore Yoga Academy<br data-start=\"709\" data-end=\"712\"><strong data-start=\"712\" data-end=\"747\">Correo electr\u00f3nico de contacto:<\/strong> <a class=\"decorated-link cursor-pointer\" rel=\"noopener\" data-start=\"748\" data-end=\"774\">info@tidoreyogaacademy.com<\/a><br data-start=\"774\" data-end=\"777\"><strong data-start=\"777\" data-end=\"791\">Sitio web:<\/strong> <a class=\"decorated-link cursor-pointer\" target=\"_new\" rel=\"noopener\" data-start=\"792\" data-end=\"817\">www.tidoreyogaacademy.com<\/a><br data-start=\"817\" data-end=\"820\"><strong data-start=\"820\" data-end=\"834\">Domicilio:<\/strong> [a\u00f1adir direcci\u00f3n f\u00edsica o ciudad, por ejemplo: Donostia-San Sebasti\u00e1n, Espa\u00f1a]<br data-start=\"914\" data-end=\"917\"><strong data-start=\"917\" data-end=\"929\">NIF\/CIF:<\/strong> [a\u00f1adir si aplica]<\/p><hr data-start=\"952\" data-end=\"955\"><h3 data-start=\"957\" data-end=\"986\">2. Objeto del sitio web<\/h3><p data-start=\"987\" data-end=\"1295\">El presente sitio web tiene como finalidad ofrecer informaci\u00f3n sobre las actividades, cursos, formaciones y servicios relacionados con el yoga, bienestar y desarrollo personal ofrecidos por <strong data-start=\"1177\" data-end=\"1200\">Tidore Yoga Academy<\/strong>.<br data-start=\"1201\" data-end=\"1204\">El acceso al sitio web implica la aceptaci\u00f3n plena y sin reservas del presente Aviso Legal.<\/p><hr data-start=\"1297\" data-end=\"1300\"><h3 data-start=\"1302\" data-end=\"1329\">3. Condiciones de uso<\/h3><p data-start=\"1330\" data-end=\"1501\">El usuario se compromete a utilizar el sitio web, sus contenidos y servicios conforme a la ley, la buena fe, la moral y el orden p\u00fablico.<br data-start=\"1467\" data-end=\"1470\">Queda expresamente prohibido:<\/p><ul data-start=\"1502\" data-end=\"1770\"><li data-start=\"1502\" data-end=\"1586\"><p data-start=\"1504\" data-end=\"1586\">Difundir contenidos il\u00edcitos, ofensivos o contrarios a los derechos de terceros.<\/p><\/li><li data-start=\"1587\" data-end=\"1668\"><p data-start=\"1589\" data-end=\"1668\">Provocar da\u00f1os en los sistemas f\u00edsicos o l\u00f3gicos del sitio web o de terceros.<\/p><\/li><li data-start=\"1669\" data-end=\"1770\"><p data-start=\"1671\" data-end=\"1770\">Intentar acceder a cuentas de correo electr\u00f3nico o \u00e1reas restringidas del sitio sin autorizaci\u00f3n.<\/p><\/li><\/ul><p data-start=\"1772\" data-end=\"1934\"><strong data-start=\"1772\" data-end=\"1795\">Tidore Yoga Academy<\/strong> se reserva el derecho a retirar cualquier comentario o aportaci\u00f3n que vulnere el respeto a la dignidad de las personas o el orden p\u00fablico.<\/p><hr data-start=\"1936\" data-end=\"1939\"><h3 data-start=\"1941\" data-end=\"1984\">4. Propiedad intelectual e industrial<\/h3><p data-start=\"1985\" data-end=\"2355\">Todos los contenidos del sitio web (textos, im\u00e1genes, logotipos, dise\u00f1o, estructura, software y dem\u00e1s elementos) son propiedad de <strong data-start=\"2115\" data-end=\"2138\">Tidore Yoga Academy<\/strong> o de terceros que han autorizado su uso.<br data-start=\"2179\" data-end=\"2182\">Queda prohibida su reproducci\u00f3n, distribuci\u00f3n, comunicaci\u00f3n p\u00fablica, transformaci\u00f3n o cualquier otra forma de explotaci\u00f3n sin autorizaci\u00f3n expresa y por escrito del titular.<\/p><hr data-start=\"2357\" data-end=\"2360\"><h3 data-start=\"2362\" data-end=\"2386\">5. Responsabilidad<\/h3><p data-start=\"2387\" data-end=\"2744\"><strong data-start=\"2387\" data-end=\"2410\">Tidore Yoga Academy<\/strong> no se hace responsable de los da\u00f1os o perjuicios derivados del mal uso de la informaci\u00f3n del sitio web, ni de los posibles errores u omisiones en los contenidos.<br data-start=\"2572\" data-end=\"2575\">Tampoco garantiza la disponibilidad continua del sitio ni la ausencia de virus u otros elementos que puedan causar alteraciones en los sistemas inform\u00e1ticos del usuario.<\/p><hr data-start=\"2746\" data-end=\"2749\"><h3 data-start=\"2751\" data-end=\"2776\">6. Enlaces externos<\/h3><p data-start=\"2777\" data-end=\"3005\">El sitio web puede contener enlaces o hiperv\u00ednculos hacia otros sitios de Internet. <strong data-start=\"2861\" data-end=\"2884\">Tidore Yoga Academy<\/strong> no ejercer\u00e1 ning\u00fan tipo de control sobre dichos sitios y no asume responsabilidad alguna por sus contenidos o pol\u00edticas.<\/p><hr data-start=\"3007\" data-end=\"3010\"><h3 data-start=\"3012\" data-end=\"3057\">7. Legislaci\u00f3n aplicable y jurisdicci\u00f3n<\/h3><p data-start=\"3058\" data-end=\"3316\">El presente Aviso Legal se rige por la legislaci\u00f3n espa\u00f1ola.<br data-start=\"3118\" data-end=\"3121\">Para cualquier controversia que pueda derivarse del acceso o uso del sitio web, las partes se someter\u00e1n a los Juzgados y Tribunales de Donostia-San Sebasti\u00e1n, salvo que la ley disponga otra cosa.<\/p>\t\t\t\t\t\t\t\t<\/div>\n\t\t\t\t\t<\/div>\n\t\t\t\t<\/div>\n\t\t\t\t<\/div>\n\t\t","protected":false},"excerpt":{"rendered":"<p>\ud83e\uddd8 AVISO LEGAL 1. Datos identificativos En cumplimiento con el deber de informaci\u00f3n recogido en la Ley 34\/2002, de 11 de julio, de Servicios de la Sociedad de la Informaci\u00f3n y Comercio Electr\u00f3nico (LSSI-CE), se facilitan a continuaci\u00f3n los datos del titular de este sitio web: Titular: Tidore Yoga AcademyNombre comercial: Tidore Yoga AcademyCorreo electr\u00f3nico [&hellip;]<\/p>\n","protected":false},"author":1,"featured_media":0,"parent":0,"menu_order":0,"comment_status":"closed","ping_status":"closed","template":"","meta":{"footnotes":""},"class_list":["post-3668","page","type-page","status-publish","hentry"],"_links":{"self":[{"href":"https:\/\/tidoreacademy.com\/en\/wp-json\/wp\/v2\/pages\/3668","targetHints":{"allow":["GET"]}}],"collection":[{"href":"https:\/\/tidoreacademy.com\/en\/wp-json\/wp\/v2\/pages"}],"about":[{"href":"https:\/\/tidoreacademy.com\/en\/wp-json\/wp\/v2\/types\/page"}],"author":[{"embeddable":true,"href":"https:\/\/tidoreacademy.com\/en\/wp-json\/wp\/v2\/users\/1"}],"replies":[{"embeddable":true,"href":"https:\/\/tidoreacademy.com\/en\/wp-json\/wp\/v2\/comments?post=3668"}],"version-history":[{"count":1,"href":"https:\/\/tidoreacademy.com\/en\/wp-json\/wp\/v2\/pages\/3668\/revisions"}],"predecessor-version":[{"id":3669,"href":"https:\/\/tidoreacademy.com\/en\/wp-json\/wp\/v2\/pages\/3668\/revisions\/3669"}],"wp:attachment":[{"href":"https:\/\/tidoreacademy.com\/en\/wp-json\/wp\/v2\/media?parent=3668"}],"curies":[{"name":"wp","href":"https:\/\/api.w.org\/{rel}","templated":true}]}}