{"id":3671,"date":"2025-10-29T11:04:11","date_gmt":"2025-10-29T10:04:11","guid":{"rendered":"http:\/\/192.168.1.121\/tidore\/accesibilidad\/"},"modified":"2025-11-24T13:08:01","modified_gmt":"2025-11-24T12:08:01","slug":"accesibilidad","status":"publish","type":"page","link":"https:\/\/tidoreacademy.com\/en\/accesibilidad\/","title":{"rendered":"Accesibilidad"},"content":{"rendered":"\t\t<div data-elementor-type=\"wp-page\" data-elementor-id=\"3671\" class=\"elementor elementor-3671 elementor-2755\" data-elementor-post-type=\"page\">\n\t\t\t\t<div class=\"elementor-element elementor-element-b7732d8 e-flex e-con-boxed e-con e-parent\" data-id=\"b7732d8\" data-element_type=\"container\" data-e-type=\"container\">\n\t\t\t\t\t<div class=\"e-con-inner\">\n\t\t\t\t<div class=\"elementor-element elementor-element-2004ce0 elementor-widget elementor-widget-text-editor\" data-id=\"2004ce0\" data-element_type=\"widget\" data-e-type=\"widget\" data-widget_type=\"text-editor.default\">\n\t\t\t\t\t\t\t\t\t<h2 data-start=\"537\" data-end=\"570\">\u267f DECLARACI\u00d3N DE ACCESIBILIDAD<\/h2><h3 data-start=\"572\" data-end=\"608\">1. Compromiso de accesibilidad<\/h3><p data-start=\"609\" data-end=\"859\"><strong data-start=\"609\" data-end=\"632\">Tidore Yoga Academy<\/strong> se compromete a hacer accesible su sitio web <strong data-start=\"678\" data-end=\"707\"><a class=\"decorated-link cursor-pointer\" target=\"_new\" rel=\"noopener\" data-start=\"680\" data-end=\"705\">www.tidoreyogaacademy.com<\/a><\/strong> de conformidad con el <strong data-start=\"730\" data-end=\"756\">Real Decreto 1112\/2018<\/strong>, de 7 de septiembre, sobre accesibilidad de los sitios web y aplicaciones para dispositivos m\u00f3viles.<\/p><p data-start=\"861\" data-end=\"1065\">Nuestro objetivo es que todas las personas, con independencia de sus capacidades, edad o dispositivo, puedan acceder sin dificultades a la informaci\u00f3n y los servicios ofrecidos a trav\u00e9s de este sitio web.<\/p><hr data-start=\"1067\" data-end=\"1070\"><h3 data-start=\"1072\" data-end=\"1106\">2. Situaci\u00f3n de cumplimiento<\/h3><p data-start=\"1107\" data-end=\"1360\">Este sitio web se encuentra actualmente <strong data-start=\"1147\" data-end=\"1191\">en proceso de revisi\u00f3n y mejora continua<\/strong> para alcanzar el nivel de conformidad <strong data-start=\"1230\" data-end=\"1236\">AA<\/strong> de las <strong data-start=\"1244\" data-end=\"1305\">Pautas de Accesibilidad al Contenido en la Web (WCAG 2.1)<\/strong> establecidas por el W3C (World Wide Web Consortium).<\/p><p data-start=\"1362\" data-end=\"1556\">Se est\u00e1n aplicando medidas progresivas para mejorar aspectos como la navegaci\u00f3n por teclado, el contraste de colores, los textos alternativos en im\u00e1genes y la estructura sem\u00e1ntica del contenido.<\/p><hr data-start=\"1558\" data-end=\"1561\"><h3 data-start=\"1563\" data-end=\"1594\">3. Contenido no accesible<\/h3><p data-start=\"1595\" data-end=\"1680\">En la actualidad, pueden existir algunos elementos no plenamente accesibles debido a:<\/p><ul data-start=\"1681\" data-end=\"1868\"><li data-start=\"1681\" data-end=\"1737\"><p data-start=\"1683\" data-end=\"1737\">Contenidos multimedia sin descripci\u00f3n o subtitulado.<\/p><\/li><li data-start=\"1738\" data-end=\"1796\"><p data-start=\"1740\" data-end=\"1796\">Documentos PDF o materiales descargables no adaptados.<\/p><\/li><li data-start=\"1797\" data-end=\"1868\"><p data-start=\"1799\" data-end=\"1868\">Errores puntuales de contraste o estructura en p\u00e1ginas en revisi\u00f3n.<\/p><\/li><\/ul><p data-start=\"1870\" data-end=\"1995\"><strong data-start=\"1870\" data-end=\"1893\">Tidore Yoga Academy<\/strong> trabaja activamente para corregir estos elementos y garantizar la accesibilidad de todo el contenido.<\/p><hr data-start=\"1997\" data-end=\"2000\"><h3 data-start=\"2002\" data-end=\"2059\">4. Preparaci\u00f3n de esta declaraci\u00f3n de accesibilidad<\/h3><p data-start=\"2060\" data-end=\"2320\">Esta declaraci\u00f3n se ha preparado el <strong data-start=\"2096\" data-end=\"2165\">[indica fecha de publicaci\u00f3n, por ejemplo: 29 de octubre de 2025]<\/strong>.<br data-start=\"2166\" data-end=\"2169\">El m\u00e9todo utilizado para la preparaci\u00f3n de la declaraci\u00f3n ha sido una <strong data-start=\"2239\" data-end=\"2266\">auto-evaluaci\u00f3n interna<\/strong> realizada por el equipo de <strong data-start=\"2294\" data-end=\"2317\">Tidore Yoga Academy<\/strong>.<\/p><p data-start=\"2322\" data-end=\"2427\">La \u00faltima revisi\u00f3n de la declaraci\u00f3n se realiz\u00f3 el <strong data-start=\"2373\" data-end=\"2426\">[misma fecha o actualizada seg\u00fan revisi\u00f3n futura]<\/strong>.<\/p><hr data-start=\"2429\" data-end=\"2432\"><h3 data-start=\"2434\" data-end=\"2476\">5. Observaciones y datos de contacto<\/h3><p data-start=\"2477\" data-end=\"2644\">Si encuentras dificultades para acceder a alg\u00fan contenido o funcionalidad del sitio web, puedes comunicarlo enviando un correo a:<br data-start=\"2606\" data-end=\"2609\">\ud83d\udce7 <strong data-start=\"2612\" data-end=\"2642\"><a class=\"decorated-link cursor-pointer\" rel=\"noopener\" data-start=\"2614\" data-end=\"2640\">info@tidoreyogaacademy.com<\/a><\/strong><\/p><p data-start=\"2646\" data-end=\"2678\">En tu mensaje, por favor indica:<\/p><ul data-start=\"2679\" data-end=\"2846\"><li data-start=\"2679\" data-end=\"2729\"><p data-start=\"2681\" data-end=\"2729\">La URL concreta donde encontraste el problema.<\/p><\/li><li data-start=\"2730\" data-end=\"2773\"><p data-start=\"2732\" data-end=\"2773\">Una descripci\u00f3n breve de la incidencia.<\/p><\/li><li data-start=\"2774\" data-end=\"2846\"><p data-start=\"2776\" data-end=\"2846\">Tu informaci\u00f3n de contacto (opcional), en caso de necesitar respuesta.<\/p><\/li><\/ul><p data-start=\"2848\" data-end=\"2984\"><strong data-start=\"2848\" data-end=\"2871\">Tidore Yoga Academy<\/strong> revisar\u00e1 la incidencia y responder\u00e1 en un plazo razonable, ofreciendo alternativas de acceso si fuera necesario.<\/p>\t\t\t\t\t\t\t\t<\/div>\n\t\t\t\t\t<\/div>\n\t\t\t\t<\/div>\n\t\t\t\t<\/div>\n\t\t","protected":false},"excerpt":{"rendered":"<p>\u267f DECLARACI\u00d3N DE ACCESIBILIDAD 1. Compromiso de accesibilidad Tidore Yoga Academy se compromete a hacer accesible su sitio web www.tidoreyogaacademy.com de conformidad con el Real Decreto 1112\/2018, de 7 de septiembre, sobre accesibilidad de los sitios web y aplicaciones para dispositivos m\u00f3viles. Nuestro objetivo es que todas las personas, con independencia de sus capacidades, edad [&hellip;]<\/p>\n","protected":false},"author":1,"featured_media":0,"parent":0,"menu_order":0,"comment_status":"closed","ping_status":"closed","template":"","meta":{"footnotes":""},"class_list":["post-3671","page","type-page","status-publish","hentry"],"_links":{"self":[{"href":"https:\/\/tidoreacademy.com\/en\/wp-json\/wp\/v2\/pages\/3671","targetHints":{"allow":["GET"]}}],"collection":[{"href":"https:\/\/tidoreacademy.com\/en\/wp-json\/wp\/v2\/pages"}],"about":[{"href":"https:\/\/tidoreacademy.com\/en\/wp-json\/wp\/v2\/types\/page"}],"author":[{"embeddable":true,"href":"https:\/\/tidoreacademy.com\/en\/wp-json\/wp\/v2\/users\/1"}],"replies":[{"embeddable":true,"href":"https:\/\/tidoreacademy.com\/en\/wp-json\/wp\/v2\/comments?post=3671"}],"version-history":[{"count":1,"href":"https:\/\/tidoreacademy.com\/en\/wp-json\/wp\/v2\/pages\/3671\/revisions"}],"predecessor-version":[{"id":3672,"href":"https:\/\/tidoreacademy.com\/en\/wp-json\/wp\/v2\/pages\/3671\/revisions\/3672"}],"wp:attachment":[{"href":"https:\/\/tidoreacademy.com\/en\/wp-json\/wp\/v2\/media?parent=3671"}],"curies":[{"name":"wp","href":"https:\/\/api.w.org\/{rel}","templated":true}]}}